{"id":124,"date":"2020-12-20T17:40:01","date_gmt":"2020-12-20T16:40:01","guid":{"rendered":"http:\/\/www.dogdance-turnierportal.de\/?page_id=124"},"modified":"2021-11-08T12:51:01","modified_gmt":"2021-11-08T11:51:01","slug":"links","status":"publish","type":"page","link":"https:\/\/dogdance-portal.de\/?page_id=124","title":{"rendered":"Links"},"content":{"rendered":"\t\t<div data-elementor-type=\"wp-page\" data-elementor-id=\"124\" class=\"elementor elementor-124\" data-elementor-settings=\"[]\">\n\t\t\t\t\t\t<div class=\"elementor-inner\">\n\t\t\t\t\t\t\t<div class=\"elementor-section-wrap\">\n\t\t\t\t\t\t\t<section class=\"elementor-section elementor-top-section elementor-element elementor-element-64fff97 elementor-section-boxed elementor-section-height-default elementor-section-height-default\" data-id=\"64fff97\" data-element_type=\"section\">\n\t\t\t\t\t\t<div class=\"elementor-container elementor-column-gap-default\">\n\t\t\t\t\t\t\t<div class=\"elementor-row\">\n\t\t\t\t\t<div class=\"elementor-column elementor-col-33 elementor-top-column elementor-element elementor-element-3436b71\" data-id=\"3436b71\" data-element_type=\"column\">\n\t\t\t<div class=\"elementor-column-wrap elementor-element-populated\">\n\t\t\t\t\t\t\t<div class=\"elementor-widget-wrap\">\n\t\t\t\t\t\t<div class=\"elementor-element elementor-element-11966fe elementor-widget elementor-widget-image\" data-id=\"11966fe\" data-element_type=\"widget\" data-widget_type=\"image.default\">\n\t\t\t\t<div class=\"elementor-widget-container\">\n\t\t\t\t\t\t\t\t<div class=\"elementor-image\">\n\t\t\t\t\t\t\t\t\t\t\t\t<img decoding=\"async\" width=\"302\" height=\"168\" src=\"https:\/\/dogdance-portal.de\/wp-content\/uploads\/2020\/12\/VDH_Logo_CMYK_Bildmarke.png\" class=\"attachment-large size-large\" alt=\"\" loading=\"lazy\" srcset=\"https:\/\/dogdance-portal.de\/wp-content\/uploads\/2020\/12\/VDH_Logo_CMYK_Bildmarke.png 302w, https:\/\/dogdance-portal.de\/wp-content\/uploads\/2020\/12\/VDH_Logo_CMYK_Bildmarke-300x167.png 300w\" sizes=\"(max-width: 302px) 100vw, 302px\" \/>\t\t\t\t\t\t\t\t\t\t\t\t\t\t<\/div>\n\t\t\t\t\t\t<\/div>\n\t\t\t\t<\/div>\n\t\t\t\t\t\t<\/div>\n\t\t\t\t\t<\/div>\n\t\t<\/div>\n\t\t\t\t<div class=\"elementor-column elementor-col-66 elementor-top-column elementor-element elementor-element-da3d16c\" data-id=\"da3d16c\" data-element_type=\"column\">\n\t\t\t<div class=\"elementor-column-wrap elementor-element-populated\">\n\t\t\t\t\t\t\t<div class=\"elementor-widget-wrap\">\n\t\t\t\t\t\t<div class=\"elementor-element elementor-element-6b4ed52 elementor-widget elementor-widget-text-editor\" data-id=\"6b4ed52\" data-element_type=\"widget\" data-widget_type=\"text-editor.default\">\n\t\t\t\t<div class=\"elementor-widget-container\">\n\t\t\t\t\t\t\t\t<div class=\"elementor-text-editor elementor-clearfix\">\n\t\t\t\t<p><a href=\"https:\/\/www.vdh.de\" target=\"_blank\" rel=\"noopener\"><strong>Der VDH<\/strong><\/a>-Verband f\u00fcr das Deutsche Hundewesen (VDH) e. V. ist ein Dachverband von 175 Hundezucht- und Hundesportvereinen mit mehr als 600.000 Mitgliedern.\u00a0 Sowohl DVG als auch dhv sind dem VDH angeschlossen.<\/p>\t\t\t\t\t<\/div>\n\t\t\t\t\t\t<\/div>\n\t\t\t\t<\/div>\n\t\t\t\t<div class=\"elementor-element elementor-element-a4798c7 elementor-widget elementor-widget-text-editor\" data-id=\"a4798c7\" data-element_type=\"widget\" data-widget_type=\"text-editor.default\">\n\t\t\t\t<div class=\"elementor-widget-container\">\n\t\t\t\t\t\t\t\t<div class=\"elementor-text-editor elementor-clearfix\">\n\t\t\t\t\t\t\t\t\t<\/div>\n\t\t\t\t\t\t<\/div>\n\t\t\t\t<\/div>\n\t\t\t\t\t\t<\/div>\n\t\t\t\t\t<\/div>\n\t\t<\/div>\n\t\t\t\t\t\t\t\t<\/div>\n\t\t\t\t\t<\/div>\n\t\t<\/section>\n\t\t\t\t<section class=\"elementor-section elementor-top-section elementor-element elementor-element-98bfcbb elementor-section-boxed elementor-section-height-default elementor-section-height-default\" data-id=\"98bfcbb\" data-element_type=\"section\">\n\t\t\t\t\t\t<div class=\"elementor-container elementor-column-gap-default\">\n\t\t\t\t\t\t\t<div class=\"elementor-row\">\n\t\t\t\t\t<div class=\"elementor-column elementor-col-33 elementor-top-column elementor-element elementor-element-4217924\" data-id=\"4217924\" data-element_type=\"column\">\n\t\t\t<div class=\"elementor-column-wrap elementor-element-populated\">\n\t\t\t\t\t\t\t<div class=\"elementor-widget-wrap\">\n\t\t\t\t\t\t<div class=\"elementor-element elementor-element-c87ccb9 elementor-widget elementor-widget-image\" data-id=\"c87ccb9\" data-element_type=\"widget\" data-widget_type=\"image.default\">\n\t\t\t\t<div class=\"elementor-widget-container\">\n\t\t\t\t\t\t\t\t<div class=\"elementor-image\">\n\t\t\t\t\t\t\t\t\t\t\t\t<img decoding=\"async\" width=\"260\" height=\"200\" src=\"https:\/\/dogdance-portal.de\/wp-content\/uploads\/2021\/01\/dvg-transparent-mini.png\" class=\"attachment-full size-full\" alt=\"\" loading=\"lazy\" \/>\t\t\t\t\t\t\t\t\t\t\t\t\t\t<\/div>\n\t\t\t\t\t\t<\/div>\n\t\t\t\t<\/div>\n\t\t\t\t\t\t<\/div>\n\t\t\t\t\t<\/div>\n\t\t<\/div>\n\t\t\t\t<div class=\"elementor-column elementor-col-66 elementor-top-column elementor-element elementor-element-404bf26\" data-id=\"404bf26\" data-element_type=\"column\">\n\t\t\t<div class=\"elementor-column-wrap elementor-element-populated\">\n\t\t\t\t\t\t\t<div class=\"elementor-widget-wrap\">\n\t\t\t\t\t\t<div class=\"elementor-element elementor-element-80f4300 elementor-widget elementor-widget-text-editor\" data-id=\"80f4300\" data-element_type=\"widget\" data-widget_type=\"text-editor.default\">\n\t\t\t\t<div class=\"elementor-widget-container\">\n\t\t\t\t\t\t\t\t<div class=\"elementor-text-editor elementor-clearfix\">\n\t\t\t\t<p><a href=\"https:\/\/www.dvg-hundesport.de\/home\/ueber-uns~15f.de.html\" target=\"_blank\" rel=\"noopener\">DVG<\/a> &#8211; Der deutsche Verband der Gebrauchshundesportvereine bietet\u00a0 in seinen Mitgliedsvereinen vielseitige Sportprogramme: <a class=\"wga-urltype-int\" title=\"Agility\" href=\"https:\/\/www.dvg-hundesport.de\/home\/sportarten\/agility~17d.de.html\" target=\"_blank\" rel=\"noopener\" data-wga-urlinfo=\"int|8a8181bf1dfce6f4011dfd055eaa000f\">Agility<\/a>, <a class=\"wga-urltype-int\" title=\"Basisausbildung\" href=\"https:\/\/www.dvg-hundesport.de\/home\/sportarten\/basisausbildung~17e.de.html\" target=\"_blank\" rel=\"noopener\" data-wga-urlinfo=\"int|8a8181bf200e01ed01200f715a45001e\">Begleithund<\/a>, <a class=\"wga-urltype-int\" title=\"DogDancing\" href=\"https:\/\/www.dvg-hundesport.de\/home\/sportarten\/dogdancing~22.de.html\" target=\"_blank\" rel=\"noopener\" data-wga-urlinfo=\"int|aa81840865848bf701663db3e7d96dab\">Dog-Dancing<\/a>, <a class=\"wga-urltype-int\" title=\"Dog Frisbee\" href=\"https:\/\/www.dvg-hundesport.de\/home\/sportarten\/dog-frisbee~186.de.html\" target=\"_blank\" rel=\"noopener\" data-wga-urlinfo=\"int|8a8181bf1dfce6f4011dfd0838da003f\">Dog-Frisbee<\/a>, <a class=\"wga-urltype-int\" title=\"Flyball\" href=\"https:\/\/www.dvg-hundesport.de\/home\/sportarten\/flyball~185.de.html\" target=\"_blank\" rel=\"noopener\" data-wga-urlinfo=\"int|8a8181e2208aaf9f01208aeb01b3017c\">Flyball<\/a>, Gebrauchshundausbildung, <a class=\"wga-urltype-int\" title=\"Hoopers\" href=\"https:\/\/www.dvg-hundesport.de\/home\/sportarten\/hoopers~1f.de.html\" target=\"_blank\" rel=\"noopener\" data-wga-urlinfo=\"int|aa81840865848bf701663db2f7e66d93\">Hoopers<\/a>, <a class=\"wga-urltype-int\" title=\"Mantrailing\" href=\"https:\/\/www.dvg-hundesport.de\/home\/sportarten\/mantrailing~184.de.html\" target=\"_blank\" rel=\"noopener\" data-wga-urlinfo=\"int|aa81840850cc35dc0151684a74ac1753\">Mantrailing<\/a>, Mondioring, <a class=\"wga-urltype-int\" title=\"Obedience\" href=\"https:\/\/www.dvg-hundesport.de\/home\/sportarten\/obedience~181.de.html\" target=\"_blank\" rel=\"noopener\" data-wga-urlinfo=\"int|8a8181bf1dfce6f4011dfd062a860027\">Obedience<\/a>, <a class=\"wga-urltype-int\" title=\"Rally Obedience\" href=\"https:\/\/www.dvg-hundesport.de\/home\/sportarten\/rally-obedience~187.de.html\" target=\"_blank\" rel=\"noopener\" data-wga-urlinfo=\"int|d7ea771b3928fb2401392ea5e73522ec\">Rally-Obedience<\/a>, <a class=\"wga-urltype-int\" title=\"Rettungshundesport\" href=\"https:\/\/www.dvg-hundesport.de\/home\/sportarten\/rettungshundesport~183.de.html\" data-wga-urlinfo=\"int|d7ea771b3c57fa0d013c6bf7a2415af6\">Rettungshundesport<\/a>, <a class=\"wga-urltype-int\" title=\"Treibball\" href=\"https:\/\/www.dvg-hundesport.de\/home\/sportarten\/treibball~188.de.html\" target=\"_blank\" rel=\"noopener\" data-wga-urlinfo=\"int|aa818408604554bd0160736f34d0183e\">Treibball<\/a>, <a class=\"wga-urltype-int\" title=\"Wasserarbeit\" href=\"https:\/\/www.dvg-hundesport.de\/home\/sportarten\/wasserarbeit~182.de.html\" target=\"_blank\" rel=\"noopener\" data-wga-urlinfo=\"int|d7ea771b348514bc0134c72a02fa6932\">Wasserhundearbeit<\/a> <a class=\"wga-urltype-int\" title=\"Turnierhundsport\" href=\"https:\/\/www.dvg-hundesport.de\/home\/sportarten\/turnierhundsport~17f.de.html\" target=\"_blank\" rel=\"noopener\" data-wga-urlinfo=\"int|8a8181bf1dfce6f4011dfd059daf0017\">Turnierhundsport\u00a0<\/a>und <a class=\"wga-urltype-int\" title=\"CaniCross\" href=\"https:\/\/www.dvg-hundesport.de\/home\/sportarten\/turnierhundsport\/canicross~aa81840852f660110152f883475f00b2.de.html\" target=\"_blank\" rel=\"noopener\" data-wga-urlinfo=\"int|aa81840852f660110152f883475f00b2\">CaniCross<\/a><\/p>\t\t\t\t\t<\/div>\n\t\t\t\t\t\t<\/div>\n\t\t\t\t<\/div>\n\t\t\t\t\t\t<\/div>\n\t\t\t\t\t<\/div>\n\t\t<\/div>\n\t\t\t\t\t\t\t\t<\/div>\n\t\t\t\t\t<\/div>\n\t\t<\/section>\n\t\t\t\t<section class=\"elementor-section elementor-top-section elementor-element elementor-element-bb015d5 elementor-section-boxed elementor-section-height-default elementor-section-height-default\" data-id=\"bb015d5\" data-element_type=\"section\">\n\t\t\t\t\t\t<div class=\"elementor-container elementor-column-gap-default\">\n\t\t\t\t\t\t\t<div class=\"elementor-row\">\n\t\t\t\t\t<div class=\"elementor-column elementor-col-33 elementor-top-column elementor-element elementor-element-931f696\" data-id=\"931f696\" data-element_type=\"column\">\n\t\t\t<div class=\"elementor-column-wrap elementor-element-populated\">\n\t\t\t\t\t\t\t<div class=\"elementor-widget-wrap\">\n\t\t\t\t\t\t<div class=\"elementor-element elementor-element-1178bcf elementor-widget elementor-widget-image\" data-id=\"1178bcf\" data-element_type=\"widget\" data-widget_type=\"image.default\">\n\t\t\t\t<div class=\"elementor-widget-container\">\n\t\t\t\t\t\t\t\t<div class=\"elementor-image\">\n\t\t\t\t\t\t\t\t\t\t\t\t<img decoding=\"async\" width=\"260\" height=\"200\" src=\"https:\/\/dogdance-portal.de\/wp-content\/uploads\/2021\/01\/dhv-transparent.png\" class=\"attachment-medium_large size-medium_large\" alt=\"\" loading=\"lazy\" \/>\t\t\t\t\t\t\t\t\t\t\t\t\t\t<\/div>\n\t\t\t\t\t\t<\/div>\n\t\t\t\t<\/div>\n\t\t\t\t\t\t<\/div>\n\t\t\t\t\t<\/div>\n\t\t<\/div>\n\t\t\t\t<div class=\"elementor-column elementor-col-66 elementor-top-column elementor-element elementor-element-4cdcedc\" data-id=\"4cdcedc\" data-element_type=\"column\">\n\t\t\t<div class=\"elementor-column-wrap elementor-element-populated\">\n\t\t\t\t\t\t\t<div class=\"elementor-widget-wrap\">\n\t\t\t\t\t\t<div class=\"elementor-element elementor-element-4ef0437 elementor-widget elementor-widget-text-editor\" data-id=\"4ef0437\" data-element_type=\"widget\" data-widget_type=\"text-editor.default\">\n\t\t\t\t<div class=\"elementor-widget-container\">\n\t\t\t\t\t\t\t\t<div class=\"elementor-text-editor elementor-clearfix\">\n\t\t\t\t<p><a href=\"http:\/\/www.dhv-hundesport.de\" target=\"_blank\" rel=\"noopener\"><strong>dhv<\/strong>&#8211;<\/a>Der deutsche Hundesportverband e.V.\u00a0 untergliedert sich in 6 Verb\u00e4nde, die meist regional t\u00e4tig sind. Deren Mitgliedsvereine bieten neben\u00a0 Begleithundetraining auch Agility, Turnierhundsport, Obedience oder Vielseitigkeitssport, DogDancing, Flyball oder Rettungshundearbeit an. <\/p>\t\t\t\t\t<\/div>\n\t\t\t\t\t\t<\/div>\n\t\t\t\t<\/div>\n\t\t\t\t\t\t<\/div>\n\t\t\t\t\t<\/div>\n\t\t<\/div>\n\t\t\t\t\t\t\t\t<\/div>\n\t\t\t\t\t<\/div>\n\t\t<\/section>\n\t\t\t\t<section class=\"elementor-section elementor-top-section elementor-element elementor-element-c42b777 elementor-section-boxed elementor-section-height-default elementor-section-height-default\" data-id=\"c42b777\" data-element_type=\"section\">\n\t\t\t\t\t\t<div class=\"elementor-container elementor-column-gap-default\">\n\t\t\t\t\t\t\t<div class=\"elementor-row\">\n\t\t\t\t\t<div class=\"elementor-column elementor-col-33 elementor-top-column elementor-element elementor-element-1f45052\" data-id=\"1f45052\" data-element_type=\"column\">\n\t\t\t<div class=\"elementor-column-wrap elementor-element-populated\">\n\t\t\t\t\t\t\t<div class=\"elementor-widget-wrap\">\n\t\t\t\t\t\t<div class=\"elementor-element elementor-element-2b4a26a elementor-widget elementor-widget-image\" data-id=\"2b4a26a\" data-element_type=\"widget\" data-widget_type=\"image.default\">\n\t\t\t\t<div class=\"elementor-widget-container\">\n\t\t\t\t\t\t\t\t<div class=\"elementor-image\">\n\t\t\t\t\t\t\t\t\t\t\t\t<img decoding=\"async\" width=\"181\" height=\"125\" src=\"https:\/\/dogdance-portal.de\/wp-content\/uploads\/2021\/01\/working-dog.png\" class=\"attachment-large size-large\" alt=\"\" loading=\"lazy\" \/>\t\t\t\t\t\t\t\t\t\t\t\t\t\t<\/div>\n\t\t\t\t\t\t<\/div>\n\t\t\t\t<\/div>\n\t\t\t\t\t\t<\/div>\n\t\t\t\t\t<\/div>\n\t\t<\/div>\n\t\t\t\t<div class=\"elementor-column elementor-col-66 elementor-top-column elementor-element elementor-element-a6161ea\" data-id=\"a6161ea\" data-element_type=\"column\">\n\t\t\t<div class=\"elementor-column-wrap elementor-element-populated\">\n\t\t\t\t\t\t\t<div class=\"elementor-widget-wrap\">\n\t\t\t\t\t\t<div class=\"elementor-element elementor-element-e0a10c5 elementor-widget elementor-widget-text-editor\" data-id=\"e0a10c5\" data-element_type=\"widget\" data-widget_type=\"text-editor.default\">\n\t\t\t\t<div class=\"elementor-widget-container\">\n\t\t\t\t\t\t\t\t<div class=\"elementor-text-editor elementor-clearfix\">\n\t\t\t\t<p><a href=\"https:\/\/de.working-dog.com\/\" target=\"_blank\" rel=\"noopener\"><strong>working dog\u00a0<\/strong>\u00a0\u00a0<\/a><span class=\"aCOpRe\"> ist eine interaktive Plattform f\u00fcr Hundebesitzer, Z\u00fcchter, Hundesportler oder Vereinsmitglieder, Information \u00fcber Sport und Zucht sowie Livestreams von Veranstaltungen.<\/span><\/p>\t\t\t\t\t<\/div>\n\t\t\t\t\t\t<\/div>\n\t\t\t\t<\/div>\n\t\t\t\t\t\t<\/div>\n\t\t\t\t\t<\/div>\n\t\t<\/div>\n\t\t\t\t\t\t\t\t<\/div>\n\t\t\t\t\t<\/div>\n\t\t<\/section>\n\t\t\t\t<section class=\"elementor-section elementor-top-section elementor-element elementor-element-0157cb9 elementor-section-boxed elementor-section-height-default elementor-section-height-default\" data-id=\"0157cb9\" data-element_type=\"section\">\n\t\t\t\t\t\t<div class=\"elementor-container elementor-column-gap-default\">\n\t\t\t\t\t\t\t<div class=\"elementor-row\">\n\t\t\t\t\t<div class=\"elementor-column elementor-col-33 elementor-top-column elementor-element elementor-element-a16ab75\" data-id=\"a16ab75\" data-element_type=\"column\">\n\t\t\t<div class=\"elementor-column-wrap elementor-element-populated\">\n\t\t\t\t\t\t\t<div class=\"elementor-widget-wrap\">\n\t\t\t\t\t\t<div class=\"elementor-element elementor-element-208230c elementor-widget elementor-widget-image\" data-id=\"208230c\" data-element_type=\"widget\" data-widget_type=\"image.default\">\n\t\t\t\t<div class=\"elementor-widget-container\">\n\t\t\t\t\t\t\t\t<div class=\"elementor-image\">\n\t\t\t\t\t\t\t\t\t\t\t\t<img decoding=\"async\" width=\"148\" height=\"50\" src=\"https:\/\/dogdance-portal.de\/wp-content\/uploads\/2021\/01\/base.jpg\" class=\"attachment-large size-large\" alt=\"\" loading=\"lazy\" \/>\t\t\t\t\t\t\t\t\t\t\t\t\t\t<\/div>\n\t\t\t\t\t\t<\/div>\n\t\t\t\t<\/div>\n\t\t\t\t\t\t<\/div>\n\t\t\t\t\t<\/div>\n\t\t<\/div>\n\t\t\t\t<div class=\"elementor-column elementor-col-66 elementor-top-column elementor-element elementor-element-5922423\" data-id=\"5922423\" data-element_type=\"column\">\n\t\t\t<div class=\"elementor-column-wrap elementor-element-populated\">\n\t\t\t\t\t\t\t<div class=\"elementor-widget-wrap\">\n\t\t\t\t\t\t<div class=\"elementor-element elementor-element-0b56a4f elementor-widget elementor-widget-text-editor\" data-id=\"0b56a4f\" data-element_type=\"widget\" data-widget_type=\"text-editor.default\">\n\t\t\t\t<div class=\"elementor-widget-container\">\n\t\t\t\t\t\t\t\t<div class=\"elementor-text-editor elementor-clearfix\">\n\t\t\t\t<p><span class=\"aCOpRe\"><a href=\"https:\/\/www.caniva.com\/\" target=\"_blank\" rel=\"noopener\"><strong>caniva<\/strong> <\/a>&#8211; ein Meldeportal und Ergebnisdienst f\u00fcr Pr\u00fcfungen und Shows, es bietet professionelle Tools zur Organisation und Auswertung von Pr\u00fcfungen.<\/span><\/p>\t\t\t\t\t<\/div>\n\t\t\t\t\t\t<\/div>\n\t\t\t\t<\/div>\n\t\t\t\t\t\t<\/div>\n\t\t\t\t\t<\/div>\n\t\t<\/div>\n\t\t\t\t\t\t\t\t<\/div>\n\t\t\t\t\t<\/div>\n\t\t<\/section>\n\t\t\t\t<section class=\"elementor-section elementor-top-section elementor-element elementor-element-559414fa elementor-section-boxed elementor-section-height-default elementor-section-height-default\" data-id=\"559414fa\" data-element_type=\"section\">\n\t\t\t\t\t\t<div class=\"elementor-container elementor-column-gap-default\">\n\t\t\t\t\t\t\t<div class=\"elementor-row\">\n\t\t\t\t\t<div class=\"elementor-column elementor-col-100 elementor-top-column elementor-element elementor-element-3fc8d18e\" data-id=\"3fc8d18e\" data-element_type=\"column\">\n\t\t\t<div class=\"elementor-column-wrap elementor-element-populated\">\n\t\t\t\t\t\t\t<div class=\"elementor-widget-wrap\">\n\t\t\t\t\t\t<div class=\"elementor-element elementor-element-778319d6 elementor-widget elementor-widget-text-editor\" data-id=\"778319d6\" data-element_type=\"widget\" data-widget_type=\"text-editor.default\">\n\t\t\t\t<div class=\"elementor-widget-container\">\n\t\t\t\t\t\t\t\t<div class=\"elementor-text-editor elementor-clearfix\">\n\t\t\t\t<p><span style=\"font-size: 14pt;\"><span class=\"aCOpRe\">\u00a0<\/span><\/span><\/p><div><div class=\"SzZmKb\"><div class=\"K20DDe R9GLFb JXFbbc LtKgIf ySjHwc\" lang=\"de-DE\" data-hveid=\"CBkQAA\" data-ved=\"2ahUKEwjA64ek_tztAhWM2BQKHYfMCzMQxPoBegQIGRAA\"><div id=\"mh_tsuid35\" class=\"a1vOw BY2RHc i49rzb\"><div class=\"Hhmu2e mod NFQFxe viOShc LKPcQc\" lang=\"de-DE\" data-md=\"16\" data-hveid=\"CBMQAA\" data-ved=\"2ahUKEwjA64ek_tztAhWM2BQKHYfMCzMQhygwDnoECBMQAA\"><div class=\"Ftghae VgfJld\"><div class=\"SPZz6b\"><h2 class=\"qrShPb kno-ecr-pt PZPZlf HOpgu mfMhoc hNKfZe\" data-local-attribute=\"d3bn\" data-attrid=\"title\" data-ved=\"2ahUKEwjA64ek_tztAhWM2BQKHYfMCzMQ3B0oATAOegQIExAL\">\u00a0<\/h2><\/div><\/div><\/div><\/div><\/div><\/div><\/div>\t\t\t\t\t<\/div>\n\t\t\t\t\t\t<\/div>\n\t\t\t\t<\/div>\n\t\t\t\t\t\t<\/div>\n\t\t\t\t\t<\/div>\n\t\t<\/div>\n\t\t\t\t\t\t\t\t<\/div>\n\t\t\t\t\t<\/div>\n\t\t<\/section>\n\t\t\t\t\t\t<\/div>\n\t\t\t\t\t\t<\/div>\n\t\t\t\t\t<\/div>\n\t\t","protected":false},"excerpt":{"rendered":"<p>Der VDH-Verband f\u00fcr das Deutsche Hundewesen (VDH) e. V. ist ein Dachverband von 175 Hundezucht- und Hundesportvereinen mit mehr als 600.000 Mitgliedern.\u00a0 Sowohl DVG als auch dhv sind dem VDH&hellip;<\/p>\n","protected":false},"author":1,"featured_media":0,"parent":0,"menu_order":0,"comment_status":"closed","ping_status":"closed","template":"","meta":[],"_links":{"self":[{"href":"https:\/\/dogdance-portal.de\/index.php?rest_route=\/wp\/v2\/pages\/124"}],"collection":[{"href":"https:\/\/dogdance-portal.de\/index.php?rest_route=\/wp\/v2\/pages"}],"about":[{"href":"https:\/\/dogdance-portal.de\/index.php?rest_route=\/wp\/v2\/types\/page"}],"author":[{"embeddable":true,"href":"https:\/\/dogdance-portal.de\/index.php?rest_route=\/wp\/v2\/users\/1"}],"replies":[{"embeddable":true,"href":"https:\/\/dogdance-portal.de\/index.php?rest_route=%2Fwp%2Fv2%2Fcomments&post=124"}],"version-history":[{"count":45,"href":"https:\/\/dogdance-portal.de\/index.php?rest_route=\/wp\/v2\/pages\/124\/revisions"}],"predecessor-version":[{"id":1097,"href":"https:\/\/dogdance-portal.de\/index.php?rest_route=\/wp\/v2\/pages\/124\/revisions\/1097"}],"wp:attachment":[{"href":"https:\/\/dogdance-portal.de\/index.php?rest_route=%2Fwp%2Fv2%2Fmedia&parent=124"}],"curies":[{"name":"wp","href":"https:\/\/api.w.org\/{rel}","templated":true}]}}